{"id":37050,"date":"2026-01-05T10:40:44","date_gmt":"2026-01-05T10:40:44","guid":{"rendered":"https:\/\/specialcargo.com\/?page_id=37050"},"modified":"2026-01-05T11:45:20","modified_gmt":"2026-01-05T11:45:20","slug":"cosmetica-persoonlijke-verzorging","status":"publish","type":"page","link":"https:\/\/specialcargo.com\/nl\/sectoren\/cosmetica-persoonlijke-verzorging\/","title":{"rendered":"Cosmetica &amp; Persoonlijke verzorging"},"content":{"rendered":"<div class=\"container \" data-type=\"core\/paragraph\"><div class=\"row justify-content-center\"><div class=\"col-12 col-md-12 col-lg-10 col-xl-8\"> \n<p><strong>De wereldwijde cosmeticamarkt zal naar verwachting in 2030 de grens van 700 miljard dollar passeren. Achter de <em>glamour<\/em> schuilt een complexe stroom van grondstoffen, geurstoffen en actieve ingredi\u00ebnten. Veel daarvan zijn brandbaar of drukgevoelig en moeten veilig en compliant van lab tot schap worden verplaatst.<\/strong><\/p>\n<\/div><\/div><\/div>\n\n<div class=\"container \" data-type=\"core\/paragraph\"><div class=\"row justify-content-center\"><div class=\"col-12 col-md-12 col-lg-10 col-xl-8\"> \n<p>Van aerosolen en parfums tot haarverf en actieve skincare-ingredi\u00ebnten: veel alledaagse beautyproducten vallen onder de classificatie gevaarlijke stoffen. Geurstoffen op alcoholbasis, oxidatoren en vluchtige concentraten moeten met dezelfde precisie worden behandeld als industri\u00eble chemicali\u00ebn, alleen op een meer verfijnde schaal. En hoewel consumentenverpakkingen eenvoudig kunnen ogen, reizen de ingredi\u00ebnten die erin zitten vaak eerst de wereld rond in bulkverpakkingen en gespecialiseerde drums voordat ze de productielijn bereiken.<\/p>\n<\/div><\/div><\/div>\n\n<div class=\"container \" data-type=\"core\/paragraph\"><div class=\"row justify-content-center\"><div class=\"col-12 col-md-12 col-lg-10 col-xl-8\"> \n<p>Special Cargo Group helpt cosmetica- en personal care-bedrijven om deze complexiteit te beheersen met op maat gesneden DG-logistiek. Wij verzorgen het veilig transport van grondstoffen, halffabrikaten en eindproducten en zorgen dat elke zending correct wordt verpakt, gedeclareerd en gedocumenteerd volgens internationale regelgeving. Van geurconcentraten richting afvullocaties tot temperatuurgevoelige cr\u00e8mes en aerosolen: wij overbruggen de kloof tussen chemische compliance en merkkwaliteit, zodat innovatie veilig van formulering tot eindproduct blijft doorstromen.<\/p>\n<\/div><\/div><\/div>\n\n<div class=\"container \" data-type=\"core\/heading\"><div class=\"row justify-content-center\"><div class=\"col-12 col-md-12 col-lg-10 col-xl-8\"> \n<h2 class=\"wp-block-heading\">Ontdek onze oplossingen<\/h2>\n<\/div><\/div><\/div>\n\n<div class=\"container \" data-type=\"core\/heading\"><div class=\"row justify-content-center\"><div class=\"col-12 col-md-12 col-lg-10 col-xl-8\"> \n<h3 class=\"wp-block-heading\">Special Cargo Services<\/h3>\n<\/div><\/div><\/div>\n\n<div class=\"container \" data-type=\"core\/buttons\"><div class=\"row justify-content-center\"><div class=\"col-12 col-md-12 col-lg-10 col-xl-8\"> \n<div class=\"wp-block-buttons is-layout-flex wp-block-buttons-is-layout-flex\">\n<div class=\"wp-block-button\"><a class=\"wp-block-button__link wp-element-button\" href=\"https:\/\/services.specialcargo.com\/nl-nl\/contact\/\">Neem contact op<\/a><\/div>\n<\/div>\n<\/div><\/div><\/div>\n\n<div class=\"container \" data-type=\"core\/heading\"><div class=\"row justify-content-center\"><div class=\"col-12 col-md-12 col-lg-10 col-xl-8\"> \n<h3 class=\"wp-block-heading\">Special Cargo College<\/h3>\n<\/div><\/div><\/div>\n\n<div class=\"container \" data-type=\"core\/buttons\"><div class=\"row justify-content-center\"><div class=\"col-12 col-md-12 col-lg-10 col-xl-8\"> \n<div class=\"wp-block-buttons is-layout-flex wp-block-buttons-is-layout-flex\">\n<div class=\"wp-block-button\"><a class=\"wp-block-button__link wp-element-button\" href=\"https:\/\/college.specialcargo.com\/nl\/contact\/\">Neem contact op<\/a><\/div>\n<\/div>\n<\/div><\/div><\/div>\n\n<div class=\"container \" data-type=\"core\/heading\"><div class=\"row justify-content-center\"><div class=\"col-12 col-md-12 col-lg-10 col-xl-8\"> \n<h3 class=\"wp-block-heading\">Isologic<\/h3>\n<\/div><\/div><\/div>\n\n<div class=\"container \" data-type=\"core\/buttons\"><div class=\"row justify-content-center\"><div class=\"col-12 col-md-12 col-lg-10 col-xl-8\"> \n<div class=\"wp-block-buttons is-layout-flex wp-block-buttons-is-layout-flex\">\n<div class=\"wp-block-button\"><a class=\"wp-block-button__link wp-element-button\" href=\"https:\/\/isotopelogistics.com\/nl\/contact\/\">Neem contact op<\/a><\/div>\n<\/div>\n<\/div><\/div><\/div>","protected":false},"excerpt":{"rendered":"<p>De wereldwijde cosmeticamarkt zal naar verwachting in 2030 de grens van 700 miljard dollar passeren. Achter de glamour schuilt een complexe stroom van grondstoffen, geurstoffen en actieve ingredi\u00ebnten. Veel daarvan zijn brandbaar of drukgevoelig en moeten veilig en compliant van lab tot schap worden verplaatst. Van aerosolen en parfums tot haarverf en actieve skincare-ingredi\u00ebnten: veel [&hellip;]<\/p>\n","protected":false},"author":3,"featured_media":0,"parent":37036,"menu_order":6,"comment_status":"closed","ping_status":"closed","template":"","meta":{"_acf_changed":false,"footnotes":""},"class_list":["post-37050","page","type-page","status-publish","hentry"],"acf":[],"yoast_head":"<!-- This site is optimized with the Yoast SEO plugin v25.2 - https:\/\/yoast.com\/wordpress\/plugins\/seo\/ -->\n<title>Cosmetica &amp; Persoonlijke verzorging - Special Cargo Group<\/title>\n<meta name=\"robots\" content=\"index, follow, max-snippet:-1, max-image-preview:large, max-video-preview:-1\" \/>\n<link rel=\"canonical\" href=\"https:\/\/specialcargo.com\/nl\/sectoren\/cosmetica-persoonlijke-verzorging\/\" \/>\n<meta property=\"og:locale\" content=\"nl_NL\" \/>\n<meta property=\"og:type\" content=\"article\" \/>\n<meta property=\"og:title\" content=\"Cosmetica &amp; Persoonlijke verzorging - Special Cargo Group\" \/>\n<meta property=\"og:description\" content=\"De wereldwijde cosmeticamarkt zal naar verwachting in 2030 de grens van 700 miljard dollar passeren. Achter de glamour schuilt een complexe stroom van grondstoffen, geurstoffen en actieve ingredi\u00ebnten. Veel daarvan zijn brandbaar of drukgevoelig en moeten veilig en compliant van lab tot schap worden verplaatst. Van aerosolen en parfums tot haarverf en actieve skincare-ingredi\u00ebnten: veel [&hellip;]\" \/>\n<meta property=\"og:url\" content=\"https:\/\/specialcargo.com\/nl\/sectoren\/cosmetica-persoonlijke-verzorging\/\" \/>\n<meta property=\"og:site_name\" content=\"Special Cargo Group\" \/>\n<meta property=\"article:modified_time\" content=\"2026-01-05T11:45:20+00:00\" \/>\n<meta name=\"twitter:card\" content=\"summary_large_image\" \/>\n<meta name=\"twitter:label1\" content=\"Geschatte leestijd\" \/>\n\t<meta name=\"twitter:data1\" content=\"1 minuut\" \/>\n<script type=\"application\/ld+json\" class=\"yoast-schema-graph\">{\"@context\":\"https:\/\/schema.org\",\"@graph\":[{\"@type\":\"WebPage\",\"@id\":\"https:\/\/specialcargo.com\/nl\/sectoren\/cosmetica-persoonlijke-verzorging\/\",\"url\":\"https:\/\/specialcargo.com\/nl\/sectoren\/cosmetica-persoonlijke-verzorging\/\",\"name\":\"Cosmetica &amp; Persoonlijke verzorging - Special Cargo Group\",\"isPartOf\":{\"@id\":\"https:\/\/specialcargo.com\/nl\/#website\"},\"datePublished\":\"2026-01-05T10:40:44+00:00\",\"dateModified\":\"2026-01-05T11:45:20+00:00\",\"breadcrumb\":{\"@id\":\"https:\/\/specialcargo.com\/nl\/sectoren\/cosmetica-persoonlijke-verzorging\/#breadcrumb\"},\"inLanguage\":\"nl-NL\",\"potentialAction\":[{\"@type\":\"ReadAction\",\"target\":[\"https:\/\/specialcargo.com\/nl\/sectoren\/cosmetica-persoonlijke-verzorging\/\"]}]},{\"@type\":\"BreadcrumbList\",\"@id\":\"https:\/\/specialcargo.com\/nl\/sectoren\/cosmetica-persoonlijke-verzorging\/#breadcrumb\",\"itemListElement\":[{\"@type\":\"ListItem\",\"position\":1,\"name\":\"Home\",\"item\":\"https:\/\/specialcargo.com\/nl\/\"},{\"@type\":\"ListItem\",\"position\":2,\"name\":\"Sectoren\",\"item\":\"https:\/\/specialcargo.com\/nl\/sectoren\/\"},{\"@type\":\"ListItem\",\"position\":3,\"name\":\"Cosmetica &amp; Persoonlijke verzorging\"}]},{\"@type\":\"WebSite\",\"@id\":\"https:\/\/specialcargo.com\/nl\/#website\",\"url\":\"https:\/\/specialcargo.com\/nl\/\",\"name\":\"Special Cargo Group\",\"description\":\"\",\"publisher\":{\"@id\":\"https:\/\/specialcargo.com\/nl\/#organization\"},\"potentialAction\":[{\"@type\":\"SearchAction\",\"target\":{\"@type\":\"EntryPoint\",\"urlTemplate\":\"https:\/\/specialcargo.com\/nl\/?s={search_term_string}\"},\"query-input\":{\"@type\":\"PropertyValueSpecification\",\"valueRequired\":true,\"valueName\":\"search_term_string\"}}],\"inLanguage\":\"nl-NL\"},{\"@type\":\"Organization\",\"@id\":\"https:\/\/specialcargo.com\/nl\/#organization\",\"name\":\"Special Cargo Group\",\"url\":\"https:\/\/specialcargo.com\/nl\/\",\"logo\":{\"@type\":\"ImageObject\",\"inLanguage\":\"nl-NL\",\"@id\":\"https:\/\/specialcargo.com\/nl\/#\/schema\/logo\/image\/\",\"url\":\"https:\/\/specialcargo.com\/wp-content\/uploads\/2025\/01\/SCG-Logo-01-RGB-Small.png\",\"contentUrl\":\"https:\/\/specialcargo.com\/wp-content\/uploads\/2025\/01\/SCG-Logo-01-RGB-Small.png\",\"width\":1000,\"height\":438,\"caption\":\"Special Cargo Group\"},\"image\":{\"@id\":\"https:\/\/specialcargo.com\/nl\/#\/schema\/logo\/image\/\"}}]}<\/script>\n<!-- \/ Yoast SEO plugin. -->","yoast_head_json":{"title":"Cosmetica &amp; Persoonlijke verzorging - Special Cargo Group","robots":{"index":"index","follow":"follow","max-snippet":"max-snippet:-1","max-image-preview":"max-image-preview:large","max-video-preview":"max-video-preview:-1"},"canonical":"https:\/\/specialcargo.com\/nl\/sectoren\/cosmetica-persoonlijke-verzorging\/","og_locale":"nl_NL","og_type":"article","og_title":"Cosmetica &amp; Persoonlijke verzorging - Special Cargo Group","og_description":"De wereldwijde cosmeticamarkt zal naar verwachting in 2030 de grens van 700 miljard dollar passeren. Achter de glamour schuilt een complexe stroom van grondstoffen, geurstoffen en actieve ingredi\u00ebnten. Veel daarvan zijn brandbaar of drukgevoelig en moeten veilig en compliant van lab tot schap worden verplaatst. Van aerosolen en parfums tot haarverf en actieve skincare-ingredi\u00ebnten: veel [&hellip;]","og_url":"https:\/\/specialcargo.com\/nl\/sectoren\/cosmetica-persoonlijke-verzorging\/","og_site_name":"Special Cargo Group","article_modified_time":"2026-01-05T11:45:20+00:00","twitter_card":"summary_large_image","twitter_misc":{"Geschatte leestijd":"1 minuut"},"schema":{"@context":"https:\/\/schema.org","@graph":[{"@type":"WebPage","@id":"https:\/\/specialcargo.com\/nl\/sectoren\/cosmetica-persoonlijke-verzorging\/","url":"https:\/\/specialcargo.com\/nl\/sectoren\/cosmetica-persoonlijke-verzorging\/","name":"Cosmetica &amp; Persoonlijke verzorging - Special Cargo Group","isPartOf":{"@id":"https:\/\/specialcargo.com\/nl\/#website"},"datePublished":"2026-01-05T10:40:44+00:00","dateModified":"2026-01-05T11:45:20+00:00","breadcrumb":{"@id":"https:\/\/specialcargo.com\/nl\/sectoren\/cosmetica-persoonlijke-verzorging\/#breadcrumb"},"inLanguage":"nl-NL","potentialAction":[{"@type":"ReadAction","target":["https:\/\/specialcargo.com\/nl\/sectoren\/cosmetica-persoonlijke-verzorging\/"]}]},{"@type":"BreadcrumbList","@id":"https:\/\/specialcargo.com\/nl\/sectoren\/cosmetica-persoonlijke-verzorging\/#breadcrumb","itemListElement":[{"@type":"ListItem","position":1,"name":"Home","item":"https:\/\/specialcargo.com\/nl\/"},{"@type":"ListItem","position":2,"name":"Sectoren","item":"https:\/\/specialcargo.com\/nl\/sectoren\/"},{"@type":"ListItem","position":3,"name":"Cosmetica &amp; Persoonlijke verzorging"}]},{"@type":"WebSite","@id":"https:\/\/specialcargo.com\/nl\/#website","url":"https:\/\/specialcargo.com\/nl\/","name":"Special Cargo Group","description":"","publisher":{"@id":"https:\/\/specialcargo.com\/nl\/#organization"},"potentialAction":[{"@type":"SearchAction","target":{"@type":"EntryPoint","urlTemplate":"https:\/\/specialcargo.com\/nl\/?s={search_term_string}"},"query-input":{"@type":"PropertyValueSpecification","valueRequired":true,"valueName":"search_term_string"}}],"inLanguage":"nl-NL"},{"@type":"Organization","@id":"https:\/\/specialcargo.com\/nl\/#organization","name":"Special Cargo Group","url":"https:\/\/specialcargo.com\/nl\/","logo":{"@type":"ImageObject","inLanguage":"nl-NL","@id":"https:\/\/specialcargo.com\/nl\/#\/schema\/logo\/image\/","url":"https:\/\/specialcargo.com\/wp-content\/uploads\/2025\/01\/SCG-Logo-01-RGB-Small.png","contentUrl":"https:\/\/specialcargo.com\/wp-content\/uploads\/2025\/01\/SCG-Logo-01-RGB-Small.png","width":1000,"height":438,"caption":"Special Cargo Group"},"image":{"@id":"https:\/\/specialcargo.com\/nl\/#\/schema\/logo\/image\/"}}]}},"_links":{"self":[{"href":"https:\/\/specialcargo.com\/nl\/wp-json\/wp\/v2\/pages\/37050","targetHints":{"allow":["GET"]}}],"collection":[{"href":"https:\/\/specialcargo.com\/nl\/wp-json\/wp\/v2\/pages"}],"about":[{"href":"https:\/\/specialcargo.com\/nl\/wp-json\/wp\/v2\/types\/page"}],"author":[{"embeddable":true,"href":"https:\/\/specialcargo.com\/nl\/wp-json\/wp\/v2\/users\/3"}],"replies":[{"embeddable":true,"href":"https:\/\/specialcargo.com\/nl\/wp-json\/wp\/v2\/comments?post=37050"}],"version-history":[{"count":3,"href":"https:\/\/specialcargo.com\/nl\/wp-json\/wp\/v2\/pages\/37050\/revisions"}],"predecessor-version":[{"id":37091,"href":"https:\/\/specialcargo.com\/nl\/wp-json\/wp\/v2\/pages\/37050\/revisions\/37091"}],"up":[{"embeddable":true,"href":"https:\/\/specialcargo.com\/nl\/wp-json\/wp\/v2\/pages\/37036"}],"wp:attachment":[{"href":"https:\/\/specialcargo.com\/nl\/wp-json\/wp\/v2\/media?parent=37050"}],"curies":[{"name":"wp","href":"https:\/\/api.w.org\/{rel}","templated":true}]}}